{"id":1502,"date":"2021-04-21T21:50:03","date_gmt":"2021-04-21T21:50:03","guid":{"rendered":"http:\/\/www.empuriabravaseaexplorer.com\/cest-bon-a-savoir\/"},"modified":"2025-06-18T13:29:23","modified_gmt":"2025-06-18T13:29:23","slug":"cest-bon-a-savoir","status":"publish","type":"page","link":"https:\/\/empuriabravaseaexplorer.com\/fr\/cest-bon-a-savoir\/","title":{"rendered":"Foire aux questions (FAQ)"},"content":{"rendered":"<p>[vc_row css_animation=\u00a0\u00bb\u00a0\u00bb row_type=\u00a0\u00bbrow\u00a0\u00bb use_row_as_full_screen_section=\u00a0\u00bbno\u00a0\u00bb type=\u00a0\u00bbfull_width\u00a0\u00bb angled_section=\u00a0\u00bbno\u00a0\u00bb text_align=\u00a0\u00bbleft\u00a0\u00bb background_image_as_pattern=\u00a0\u00bbwithout_pattern\u00a0\u00bb][vc_column width=\u00a0\u00bb1\/6&Prime;][\/vc_column][vc_column width=\u00a0\u00bb2\/3&Prime;][vc_column_text]<\/p>\n<h4><span id=\"E162\" class=\"qowt-font7-Arial\">Le\u00a0jour de la location notre \u00e9quipe fait une formation o\u00f9 il sera expliqu\u00e9<\/span><span id=\"E184\" class=\"qowt-font7-Arial\">:<\/span><\/h4>\n<ul>\n<li id=\"E185\" class=\"qowt-li-1_0 qowt-list\">Comment conduire le bateau.<\/li>\n<li id=\"E198\" class=\"qowt-li-1_0 qowt-list\">Comment ancrer le bateau.<\/li>\n<li id=\"E210\" class=\"qowt-li-1_0 qowt-list\">Comment utiliser l&rsquo;\u00e9quipement du bateau.<\/li>\n<li id=\"E229\" class=\"qowt-li-1_0 qowt-list\">Toutes les r\u00e8gles \u00e0 respecter pour garantir la s\u00e9curit\u00e9 de vos passagers et des autres bateaux.<\/li>\n<li id=\"E250\" class=\"qowt-li-1_0 qowt-list\">Ce qui est permis et ce qui est interdit.<\/li>\n<\/ul>\n<p>\u00c0 bord de nos bateaux, vous trouverez la carte de la c\u00f4te qui vous aidera \u00e0 naviguer et \u00e0 trouver des endroits int\u00e9ressants qui valent le d\u00e9tour.<\/p>\n<p>Notre \u00e9quipe est pr\u00eate \u00e0 r\u00e9pondre \u00e0 toutes vos questions.[\/vc_column_text][vc_separator type=\u00a0\u00bbtransparent\u00a0\u00bb up=\u00a0\u00bb20&Prime; down=\u00a0\u00bb20&Prime;][vc_column_text]<\/p>\n<h2 style=\"text-align: left;\">Location de bateaux avec ou sans permis<\/h2>\n<p>[\/vc_column_text][vc_separator type=\u00a0\u00bbsmall\u00a0\u00bb position=\u00a0\u00bbleft\u00a0\u00bb color=\u00a0\u00bb#00b7ff\u00a0\u00bb up=\u00a0\u00bb20&Prime; down=\u00a0\u00bb50&Prime;][vc_accordion style=\u00a0\u00bbaccordion\u00a0\u00bb][vc_accordion_tab title=\u00a0\u00bbPOURQUOI JE DOIS PAYER UNE CAUTION?\u00a0\u00bb][vc_column_text]Bien que nos bateaux aient une assurance sp\u00e9ciale, celle-ci ne couvre pas certains dommages mineurs ou pertes \/ dommages aux bagages (par exemple, perte ou d\u00e9t\u00e9rioration de l&rsquo;ancre Bimini ou perte de vestes, etc.). Par cons\u00e9quent, une caution par bateau sera factur\u00e9. Si vous\u00a0retourne le bateau avec l&rsquo;\u00e9quipement dans l&rsquo;\u00e9tat qui vous a \u00e9t\u00e9 confi\u00e9, votre caution sera restitu\u00e9e dans son int\u00e9gralit\u00e9. En cas de dommage, nous prendrons la caution n\u00e9cessaire pour couvrir les r\u00e9parations. Le montant restant sera retourn\u00e9.[\/vc_column_text][\/vc_accordion_tab][vc_accordion_tab title=\u00a0\u00bbLE CARBURANT EST-IL INCLUS DANS LE PRIX DE LOCATION DU BATEAU?\u00a0\u00bb][vc_column_text]Le carburant est inclus dans les bateaux sans permis.<\/p>\n<p>Les bateaux avec permis le carburant n&rsquo;est pas inclus, le r\u00e9servoir d&rsquo;essence doit \u00eatre plein lors de la remise et \u00e9galement lors du retour.[\/vc_column_text][\/vc_accordion_tab][vc_accordion_tab title=\u00a0\u00bbCE QU&rsquo;IL FAUT POUR LOUER UN BATEAU?\u00a0\u00bb][vc_column_text]Pour louer un bateau, vous devez avoir un document d\u2019identit\u00e9 en cours de validit\u00e9 (passeport, carte d\u2019identit\u00e9 ou permis de conduire).[\/vc_column_text][\/vc_accordion_tab][vc_accordion_tab title=\u00a0\u00bbJ\u2019AI BESOIN D&rsquo;UNE LICENCE POUR LOUER UN BATEAU?\u00a0\u00bb][vc_column_text]Si vous souhaitez louer un de<br \/>\nnos bateaux, vous n&rsquo;avez besoin d&rsquo;aucune licence.<\/p>\n<p>La loi espagnole vous permet de naviguer en bateau jusqu\u2019\u00e0 5 m de longueur, avec moteur maximum. de 15 HP sans licence de navigation. Cependant, certaines r\u00e8gles doivent \u00eatre respect\u00e9es. Lorsqu\u2019il naviguer avec le bateau, vous devez vous rendre \u00e0 au moins 200 m\u00e8tres du rivage, sans d\u00e9passer 3,2 km. Pour que, en cas de probl\u00e8me de changement de temps, etc., vous puissiez retourner sans probl\u00e8me \u00e0 la c\u00f4te. Si vous souhaitez amarrer le bateau pr\u00e8s de la c\u00f4te, vous devez naviguer \u00e0 basse vitesse, comme le dentier du port et les chenaux de la marina d\u2019Empuriabravaa, \u00e0 un maximum de 3 noeuds \u00e0 l\u2019heure (environ 5,5 km \u00e0 l\u2019heure). Faites attention aux personnes qui nagent , plongeurs et autres bateaux.[\/vc_column_text][\/vc_accordion_tab][vc_accordion_tab title=\u00a0\u00bbIL Y A DES R\u00c8GLES \u00c0 SUIVRE LORSQUE VOUS NAVIGUEZ UN BATEAU?\u00a0\u00bb][vc_column_text]Oui, certaines r\u00e8gles doivent \u00eatre suivies pour assurer votre s\u00e9curit\u00e9, \u00e0 vous, passagers et autres navires.<br \/>\nLes r\u00e8gles sont les suivantes:<\/p>\n<ol>\n<li>La vitesse maximale dans les canaux du port est de 3 noeuds \u00e0 l&rsquo;heure (environ 5,5 km \u00e0 l&rsquo;heure). Mais la meilleure chose \u00e0 faire est de naviguer aussi lentement que possible.<\/li>\n<li>Entrer et sortir avec le bateau de \/ vers le port reste toujours sur le c\u00f4t\u00e9 droit.<\/li>\n<li>Ne naviguez jamais \u00e0 plus de 2 milles de la c\u00f4te.<\/li>\n<li>Ne laissez pas le bateau sans surveillance.<\/li>\n<li>Si vous souhaitez amarrer le bateau, vous devriez le faire dans un endroit o\u00f9 l&rsquo;eau est<br \/>\nprofonde \u00e0 5 -9 m (jamais en haute mer ou pr\u00e8s des rochers, ni dans la posidonie).<br \/>\nTirez l&rsquo;ancre o\u00f9 il y a du sable.<\/li>\n<li>Ne naviguez pas et ne mouillez pas le bateau dans des endroits con\u00e7us pour la baignade. Ces zones sont marqu\u00e9es par des bou\u00e9es.<\/li>\n<li>Pendant le voyage pr\u00e8s de la c\u00f4te ou dans des zones d&rsquo;ancrage d&rsquo;autres navires, vous devez ralentir et faire attention aux personnes \u00e0 l&rsquo;eau, aux plongeurs ou \u00e0 d&rsquo;autres bateaux.<\/li>\n<\/ol>\n<p>[\/vc_column_text][\/vc_accordion_tab][vc_accordion_tab title=\u00a0\u00bbCOMMENT R\u00c9SERVER?\u00a0\u00bb][vc_column_text]Pour r\u00e9server, vous pouvez nous contacter en appelant le num\u00e9ro de t\u00e9l\u00e9phone portable 0034<br \/>\n646 806 306, en envoyant un email \u00e0 empuriabravaseaexplorer@gmail.com, ou nous rendre visite dans la boutique situ\u00e9e \u00e0 Carman\u00e7o 126 Empuriabrava.[\/vc_column_text][\/vc_accordion_tab][vc_accordion_tab title=\u00a0\u00bbQUE FAIRE SI NOTRE VOYAGE NE PEUT PAS AVOIR LIEU EN RAISON DE MAUVAISES CONDITIONS M\u00c9T\u00c9OROLOGIQUES?\u00a0\u00bb][vc_column_text]Dans ce cas peu probable, nous essaierons de reporter le voyage \u00e0 une autre journ\u00e9e commode. Si ce n&rsquo;est pas possible, vous recevrez votre prix de r\u00e9servation.[\/vc_column_text][\/vc_accordion_tab][vc_accordion_tab title=\u00a0\u00bbPOUVONS-NOUS TRANSPORTER DES ENFANTS \u00c0 BORD?\u00a0\u00bb][vc_column_text]Tous nos bateaux sont pr\u00e9par\u00e9s pour les enfants et nous veillerons \u00e0 avoir des gilets de sauvetage adapt\u00e9s aux enfants \u00e0 bord.[\/vc_column_text][\/vc_accordion_tab][vc_accordion_tab title=\u00a0\u00bbQUE POUVONS NOUS FAIRE PENDANT LE VOYAGE?\u00a0\u00bb][vc_column_text]Pendant le voyage, vous pourrez d\u00e9couvrir les criques \u00e9tonnantes et spectaculaires de la Costa Brava. Nous disposons \u00e9galement d\u2019\u00e9quipements de base pour la plong\u00e9e avec tuba, vous permettant ainsi de d\u00e9couvrir les fonds marins.[\/vc_column_text][\/vc_accordion_tab][vc_accordion_tab title=\u00a0\u00bbPOUVONS NOUS PRENDRE NOTRE NORRITURE ET NOS BOISSONS \u00c0 BORD?\u00a0\u00bb][vc_column_text]Nous permettons aux clients d&rsquo;apporter leur propre nourriture et leurs boissons \u00e0 bord de nos bateaux, \u00e0 condition qu&rsquo;ils livrent le bateau dans les m\u00eames conditions que celles livr\u00e9es.[\/vc_column_text][\/vc_accordion_tab][\/vc_accordion][vc_separator type=\u00a0\u00bbtransparent\u00a0\u00bb up=\u00a0\u00bb20&Prime; down=\u00a0\u00bb20&Prime;][vc_column_text]<\/p>\n<h2 style=\"text-align: left;\">Questions fr\u00e9quentes sur le permis de navigation<\/h2>\n<p>[\/vc_column_text][vc_separator type=\u00a0\u00bbsmall\u00a0\u00bb position=\u00a0\u00bbleft\u00a0\u00bb color=\u00a0\u00bb#00b7ff\u00a0\u00bb up=\u00a0\u00bb20&Prime; down=\u00a0\u00bb50&Prime;][vc_column_text]<\/p>\n<h3 style=\"text-align: left;\">Questions G\u00e9n\u00e9rales<\/h3>\n<p>[\/vc_column_text][vc_separator type=\u00a0\u00bbtransparent\u00a0\u00bb up=\u00a0\u00bb20&Prime; down=\u00a0\u00bb20&Prime;][vc_accordion style=\u00a0\u00bbaccordion\u00a0\u00bb][vc_accordion_tab title=\u00a0\u00bbQu\u2019est-ce que la Licence de Navigation et pour quels types de bateaux est-elle valable ?\u00a0\u00bb][vc_column_text]<span style=\"font-weight: 400;\">La Licence de Navigation vous autorise \u00e0 piloter des embarcations de plaisance jusqu\u2019\u00e0 6 m\u00e8tres de longueur, sans limitation de puissance moteur, uniquement en navigation de jour et dans une limite de 2 milles nautiques depuis la c\u00f4te. Elle est \u00e9galement valable pour les jet-skis, sans restriction de puissance.<\/span><\/p>\n<p><span style=\"font-weight: 400;\">Autrefois appel\u00e9e \u00ab\u00a0Titul\u00edn\u00a0\u00bb, cette certification n\u2019est plus d\u00e9livr\u00e9e. La Licence de Navigation en \u00e9largit les pr\u00e9rogatives.<\/span>[\/vc_column_text][\/vc_accordion_tab][vc_accordion_tab title=\u00a0\u00bbAvez-vous besoin d\u2019une exp\u00e9rience pr\u00e9alable pour obtenir cette licence ?\u00a0\u00bb][vc_column_text]<span style=\"font-weight: 400;\">Non, aucune exp\u00e9rience en navigation n\u2019est requise pour l\u2019obtenir.<\/span>[\/vc_column_text][\/vc_accordion_tab][vc_accordion_tab title=\u00a0\u00bbFaut-il passer un examen pour obtenir la Licence de Navigation ?\u00a0\u00bb][vc_column_text]<span style=\"font-weight: 400;\">Non. Il n\u2019est pas n\u00e9cessaire de passer un examen. Il suffit de suivre une formation comprenant 2 heures de th\u00e9orie et 4 heures de pratique.<\/span>[\/vc_column_text][\/vc_accordion_tab][vc_accordion_tab title=\u00a0\u00bbComment obtenir la Licence de Navigation ?\u00a0\u00bb][vc_column_text]<span style=\"font-weight: 400;\">Voici les conditions \u00e0 remplir :<\/span><\/p>\n<ol>\n<li style=\"font-weight: 400;\" aria-level=\"1\"><span style=\"font-weight: 400;\">Avoir au moins 16 ans. Les mineurs doivent pr\u00e9senter une autorisation parentale.<\/span><\/li>\n<li style=\"font-weight: 400;\" aria-level=\"1\"><span style=\"font-weight: 400;\">Passer un test m\u00e9dical psychotechnique dans un centre de reconnaissance agr\u00e9\u00e9. Le certificat m\u00e9dical peut \u00eatre pr\u00e9sent\u00e9 le jour du cours ou auparavant.<\/span><\/li>\n<li style=\"font-weight: 400;\" aria-level=\"1\"><span style=\"font-weight: 400;\">Suivre un cours th\u00e9orique de 2 heures dans une \u00e9cole nautique agr\u00e9\u00e9e.<\/span><\/li>\n<li style=\"font-weight: 400;\" aria-level=\"1\"><span style=\"font-weight: 400;\">R\u00e9aliser une formation pratique de 4 heures sur la s\u00e9curit\u00e9 et la navigation.<\/span><\/li>\n<\/ol>\n<p>[\/vc_column_text][\/vc_accordion_tab][vc_accordion_tab title=\u00a0\u00bbPuis-je naviguer \u00e0 la voile avec cette licence ?\u00a0\u00bb][vc_column_text]<span style=\"font-weight: 400;\">Oui. Il s&rsquo;agit de la seule licence de plaisance en Espagne qui permet de naviguer aussi bien \u00e0 moteur qu\u2019\u00e0 voile (dans les limites de taille autoris\u00e9es), sans formation compl\u00e9mentaire.<\/span>[\/vc_column_text][\/vc_accordion_tab][vc_accordion_tab title=\u00a0\u00bbLa Licence de Navigation est-elle reconnue \u00e0 l\u2019\u00e9tranger ?\u00a0\u00bb][vc_column_text]<span style=\"font-weight: 400;\">Cela d\u00e9pend du pays. Dans certains pays europ\u00e9ens, elle peut \u00eatre accept\u00e9e. Nous vous recommandons de v\u00e9rifier aupr\u00e8s des autorit\u00e9s maritimes locales.<\/span>[\/vc_column_text][\/vc_accordion_tab][\/vc_accordion][vc_separator type=\u00a0\u00bbtransparent\u00a0\u00bb up=\u00a0\u00bb20&Prime; down=\u00a0\u00bb20&Prime;][vc_column_text]<\/p>\n<h3 style=\"text-align: left;\">Questions sur le Cours<\/h3>\n<p>[\/vc_column_text][vc_separator type=\u00a0\u00bbtransparent\u00a0\u00bb up=\u00a0\u00bb20&Prime; down=\u00a0\u00bb20&Prime;][vc_accordion style=\u00a0\u00bbaccordion\u00a0\u00bb][vc_accordion_tab title=\u00a0\u00bbQue va-t-on apprendre pendant la formation ?\u00a0\u00bb][vc_column_text]<span style=\"font-weight: 400;\">Lors des 2 heures de th\u00e9orie, vous apprendrez :<\/span><\/p>\n<ol>\n<li style=\"font-weight: 400;\" aria-level=\"1\"><span style=\"font-weight: 400;\">Les r\u00e8gles de navigation pr\u00e8s des plages balis\u00e9es et non balis\u00e9es, les acc\u00e8s aux canaux, les marques lat\u00e9rales (r\u00e9gion A), la mani\u00e8re de gouverner l\u2019embarcation pour \u00e9viter le roulis et le tangage, ainsi que les r\u00e8gles du RIPAM (R\u00e8glement International pour Pr\u00e9venir les Abordages en Mer), notamment les r\u00e8gles 4 \u00e0 8, 11 \u00e0 19 et 37.<\/span><\/li>\n<li style=\"font-weight: 400;\" aria-level=\"1\"><span style=\"font-weight: 400;\">L\u2019utilisation de base d\u2019une radio VHF portable : connaissance du canal 16, utilisation en cas d\u2019urgence, communications de routine, et contact avec le service de sauvetage maritime (canal 16, num\u00e9ros 112 et 900 202 202).<\/span><\/li>\n<\/ol>\n<p><span style=\"font-weight: 400;\">Lors des 4 heures de pratique, vous d\u00e9couvrirez :<\/span><\/p>\n<ol>\n<li style=\"font-weight: 400;\" aria-level=\"1\"><span style=\"font-weight: 400;\">La s\u00e9curit\u00e9 avant le d\u00e9part : inspection du mat\u00e9riel de s\u00e9curit\u00e9, v\u00e9rification des \u00e9l\u00e9ments critiques du bateau.<\/span><\/li>\n<li style=\"font-weight: 400;\" aria-level=\"1\"><span style=\"font-weight: 400;\">Le moteur : identification des composants, d\u00e9marrage et contr\u00f4les de fonctionnement.<\/span><\/li>\n<li style=\"font-weight: 400;\" aria-level=\"1\"><span style=\"font-weight: 400;\">Les n\u0153uds et cordages : techniques de base.<\/span><\/li>\n<li style=\"font-weight: 400;\" aria-level=\"1\"><span style=\"font-weight: 400;\">Les man\u0153uvres : accostage, appareillage, man\u0153uvres dans le port, vitesse de s\u00e9curit\u00e9.<\/span><\/li>\n<li style=\"font-weight: 400;\" aria-level=\"1\"><span style=\"font-weight: 400;\">Le mouillage : mouiller l\u2019ancre, surveillance de la trajectoire, pr\u00e9cautions vis-\u00e0-vis des nageurs et plongeurs.<\/span><\/li>\n<li style=\"font-weight: 400;\" aria-level=\"1\"><span style=\"font-weight: 400;\">Les man\u0153uvres de s\u00e9curit\u00e9.<\/span><\/li>\n<\/ol>\n<p>[\/vc_column_text][\/vc_accordion_tab][vc_accordion_tab title=\u00a0\u00bbQuelle est la dur\u00e9e du cours ?\u00a0\u00bb][vc_column_text]<span style=\"font-weight: 400;\">Le cours complet dure 6 heures (2 heures de th\u00e9orie + 4 heures de pratique). La licence peut g\u00e9n\u00e9ralement \u00eatre obtenue en une seule journ\u00e9e.<\/span>[\/vc_column_text][\/vc_accordion_tab][vc_accordion_tab title=\u00a0\u00bbO\u00f9 ont lieu les pratiques ?\u00a0\u00bb][vc_column_text]<span style=\"font-weight: 400;\">Les pratiques se d\u00e9roulent \u00e0 <\/span><b>Empuriabrava<\/b><span style=\"font-weight: 400;\">, soit dans les canaux, soit en mer dans la <\/span><b>baie de Roses<\/b><span style=\"font-weight: 400;\">. Les sessions se font \u00e0 bord d\u2019un bateau semi-rigide de 8 m\u00e8tres, \u00e9quip\u00e9 d\u2019un moteur hors-bord, et peuvent accueillir jusqu\u2019\u00e0 11 participants.<\/span>[\/vc_column_text][\/vc_accordion_tab][vc_accordion_tab title=\u00a0\u00bbPourrai-je piloter le bateau durant la pratique ?\u00a0\u00bb][vc_column_text]<span style=\"font-weight: 400;\">Oui. Pendant les 4 heures de pratique, chaque participant aura l\u2019opportunit\u00e9 de piloter le bateau, en alternant avec les autres \u00e9l\u00e8ves, sous la supervision de l\u2019instructeur.<\/span>[\/vc_column_text][\/vc_accordion_tab][\/vc_accordion][vc_separator type=\u00a0\u00bbtransparent\u00a0\u00bb up=\u00a0\u00bb20&Prime; down=\u00a0\u00bb20&Prime;][vc_column_text]<\/p>\n<h3 style=\"text-align: left;\">D\u00e9marches Administratives<\/h3>\n<p>[\/vc_column_text][vc_separator type=\u00a0\u00bbtransparent\u00a0\u00bb up=\u00a0\u00bb20&Prime; down=\u00a0\u00bb20&Prime;][vc_accordion style=\u00a0\u00bbaccordion\u00a0\u00bb][vc_accordion_tab title=\u00a0\u00bbQuels documents faut-il fournir pour obtenir la licence ?\u00a0\u00bb][vc_column_text]<span style=\"font-weight: 400;\">Pour vous inscrire au cours, vous devez pr\u00e9senter :<\/span><\/p>\n<ul>\n<li style=\"font-weight: 400;\" aria-level=\"1\"><span style=\"font-weight: 400;\">Une pi\u00e8ce d\u2019identit\u00e9 en cours de validit\u00e9 (DNI, NIE ou passeport).<\/span><\/li>\n<li style=\"font-weight: 400;\" aria-level=\"1\"><span style=\"font-weight: 400;\">Un certificat m\u00e9dical psychotechnique destin\u00e9 \u00e0 une licence nautique, similaire \u00e0 celui exig\u00e9 pour le permis de conduire (il peut \u00eatre pr\u00e9sent\u00e9 apr\u00e8s le cours).<\/span><\/li>\n<\/ul>\n<p>[\/vc_column_text][\/vc_accordion_tab][vc_accordion_tab title=\u00a0\u00bbTous les certificats m\u00e9dicaux sont-ils valides ?\u00a0\u00bb][vc_column_text]<span style=\"font-weight: 400;\">Non. Le certificat doit \u00eatre d\u00e9livr\u00e9 par un <\/span><b>Centre de Reconnaissance des Conducteurs<\/b><span style=\"font-weight: 400;\"> et vous devez sp\u00e9cifier qu\u2019il est destin\u00e9 \u00e0 une <\/span><b>licence nautique<\/b><span style=\"font-weight: 400;\">.<\/span>[\/vc_column_text][\/vc_accordion_tab][vc_accordion_tab title=\u00a0\u00bbCombien de temps faut-il pour recevoir la licence ?\u00a0\u00bb][vc_column_text]<span style=\"font-weight: 400;\">Si vous fournissez le certificat m\u00e9dical le jour du cours, la licence peut \u00eatre r\u00e9cup\u00e9r\u00e9e d\u00e8s le lendemain.<\/span>[\/vc_column_text][\/vc_accordion_tab][vc_accordion_tab title=\u00a0\u00bbJe poss\u00e8de l\u2019ancien Titul\u00edn. Comment puis-je l\u2019\u00e9changer contre la nouvelle licence ?\u00a0\u00bb][vc_column_text]<span style=\"font-weight: 400;\">Le jour de la formation pratique, vous devrez apporter votre ancien <\/span><b>Titul\u00edn<\/b><span style=\"font-weight: 400;\"> (m\u00eame s\u2019il est expir\u00e9), une pi\u00e8ce d\u2019identit\u00e9, et le certificat m\u00e9dical nautique.<\/span>[\/vc_column_text][\/vc_accordion_tab][\/vc_accordion][vc_separator type=\u00a0\u00bbtransparent\u00a0\u00bb up=\u00a0\u00bb20&Prime; down=\u00a0\u00bb20&Prime;][\/vc_column][vc_column width=\u00a0\u00bb1\/6&Prime;][\/vc_column][\/vc_row]<\/p>\n","protected":false},"excerpt":{"rendered":"<p>[vc_row css_animation=\u00a0\u00bb\u00a0\u00bb row_type=\u00a0\u00bbrow\u00a0\u00bb use_row_as_full_screen_section=\u00a0\u00bbno\u00a0\u00bb type=\u00a0\u00bbfull_width\u00a0\u00bb angled_section=\u00a0\u00bbno\u00a0\u00bb text_align=\u00a0\u00bbleft\u00a0\u00bb background_image_as_pattern=\u00a0\u00bbwithout_pattern\u00a0\u00bb][vc_column width=\u00a0\u00bb1\/6&Prime;][\/vc_column][vc_column width=\u00a0\u00bb2\/3&Prime;][vc_column_text] Le\u00a0jour de la location notre \u00e9quipe fait une formation o\u00f9 il sera expliqu\u00e9: Comment conduire le bateau. Comment ancrer le bateau. Comment utiliser l&rsquo;\u00e9quipement du bateau. Toutes les r\u00e8gles \u00e0 respecter pour garantir la s\u00e9curit\u00e9&#8230;<\/p>\n","protected":false},"author":1,"featured_media":0,"parent":0,"menu_order":0,"comment_status":"closed","ping_status":"closed","template":"","meta":{"_monsterinsights_skip_tracking":false,"_monsterinsights_sitenote_active":false,"_monsterinsights_sitenote_note":"","_monsterinsights_sitenote_category":0},"yoast_head":"<!-- This site is optimized with the Yoast SEO plugin v16.1.1 - https:\/\/yoast.com\/wordpress\/plugins\/seo\/ -->\n<link rel=\"canonical\" href=\"https:\/\/empuriabravaseaexplorer.com\/fr\/cest-bon-a-savoir\/\" \/>\n<meta property=\"og:locale\" content=\"fr_FR\" \/>\n<meta property=\"og:type\" content=\"article\" \/>\n<meta property=\"og:title\" content=\"Foire aux questions (FAQ) - Empuriabrava Sea Explorer\" \/>\n<meta property=\"og:description\" content=\"[vc_row css_animation=\u00a0\u00bb\u00a0\u00bb row_type=\u00a0\u00bbrow\u00a0\u00bb use_row_as_full_screen_section=\u00a0\u00bbno\u00a0\u00bb type=\u00a0\u00bbfull_width\u00a0\u00bb angled_section=\u00a0\u00bbno\u00a0\u00bb text_align=\u00a0\u00bbleft\u00a0\u00bb background_image_as_pattern=\u00a0\u00bbwithout_pattern\u00a0\u00bb][vc_column width=\u00a0\u00bb1\/6&Prime;][\/vc_column][vc_column width=\u00a0\u00bb2\/3&Prime;][vc_column_text] Le\u00a0jour de la location notre \u00e9quipe fait une formation o\u00f9 il sera expliqu\u00e9: Comment conduire le bateau. Comment ancrer le bateau. Comment utiliser l&rsquo;\u00e9quipement du bateau. Toutes les r\u00e8gles \u00e0 respecter pour garantir la s\u00e9curit\u00e9...\" \/>\n<meta property=\"og:url\" content=\"https:\/\/empuriabravaseaexplorer.com\/fr\/cest-bon-a-savoir\/\" \/>\n<meta property=\"og:site_name\" content=\"Empuriabrava Sea Explorer\" \/>\n<meta property=\"article:modified_time\" content=\"2025-06-18T13:29:23+00:00\" \/>\n<meta name=\"twitter:card\" content=\"summary_large_image\" \/>\n<meta name=\"twitter:label1\" content=\"Dur\u00e9e de lecture est.\">\n\t<meta name=\"twitter:data1\" content=\"7 minutes\">\n<script type=\"application\/ld+json\" class=\"yoast-schema-graph\">{\"@context\":\"https:\/\/schema.org\",\"@graph\":[{\"@type\":\"WebSite\",\"@id\":\"https:\/\/empuriabravaseaexplorer.com\/#website\",\"url\":\"https:\/\/empuriabravaseaexplorer.com\/\",\"name\":\"Empuriabrava Sea Explorer\",\"description\":\"Excursiones y actividades en el Parc Natural Cap de Creus\",\"potentialAction\":[{\"@type\":\"SearchAction\",\"target\":\"https:\/\/empuriabravaseaexplorer.com\/?s={search_term_string}\",\"query-input\":\"required name=search_term_string\"}],\"inLanguage\":\"fr-FR\"},{\"@type\":\"WebPage\",\"@id\":\"https:\/\/empuriabravaseaexplorer.com\/fr\/cest-bon-a-savoir\/#webpage\",\"url\":\"https:\/\/empuriabravaseaexplorer.com\/fr\/cest-bon-a-savoir\/\",\"name\":\"Foire aux questions (FAQ) - Empuriabrava Sea Explorer\",\"isPartOf\":{\"@id\":\"https:\/\/empuriabravaseaexplorer.com\/#website\"},\"datePublished\":\"2021-04-21T21:50:03+00:00\",\"dateModified\":\"2025-06-18T13:29:23+00:00\",\"breadcrumb\":{\"@id\":\"https:\/\/empuriabravaseaexplorer.com\/fr\/cest-bon-a-savoir\/#breadcrumb\"},\"inLanguage\":\"fr-FR\",\"potentialAction\":[{\"@type\":\"ReadAction\",\"target\":[\"https:\/\/empuriabravaseaexplorer.com\/fr\/cest-bon-a-savoir\/\"]}]},{\"@type\":\"BreadcrumbList\",\"@id\":\"https:\/\/empuriabravaseaexplorer.com\/fr\/cest-bon-a-savoir\/#breadcrumb\",\"itemListElement\":[{\"@type\":\"ListItem\",\"position\":1,\"item\":{\"@type\":\"WebPage\",\"@id\":\"https:\/\/empuriabravaseaexplorer.com\/fr\/\",\"url\":\"https:\/\/empuriabravaseaexplorer.com\/fr\/\",\"name\":\"Portada\"}},{\"@type\":\"ListItem\",\"position\":2,\"item\":{\"@type\":\"WebPage\",\"@id\":\"https:\/\/empuriabravaseaexplorer.com\/fr\/cest-bon-a-savoir\/\",\"url\":\"https:\/\/empuriabravaseaexplorer.com\/fr\/cest-bon-a-savoir\/\",\"name\":\"Foire aux questions (FAQ)\"}}]}]}<\/script>\n<!-- \/ Yoast SEO plugin. -->","_links":{"self":[{"href":"https:\/\/empuriabravaseaexplorer.com\/fr\/wp-json\/wp\/v2\/pages\/1502"}],"collection":[{"href":"https:\/\/empuriabravaseaexplorer.com\/fr\/wp-json\/wp\/v2\/pages"}],"about":[{"href":"https:\/\/empuriabravaseaexplorer.com\/fr\/wp-json\/wp\/v2\/types\/page"}],"author":[{"embeddable":true,"href":"https:\/\/empuriabravaseaexplorer.com\/fr\/wp-json\/wp\/v2\/users\/1"}],"replies":[{"embeddable":true,"href":"https:\/\/empuriabravaseaexplorer.com\/fr\/wp-json\/wp\/v2\/comments?post=1502"}],"version-history":[{"count":5,"href":"https:\/\/empuriabravaseaexplorer.com\/fr\/wp-json\/wp\/v2\/pages\/1502\/revisions"}],"predecessor-version":[{"id":4014,"href":"https:\/\/empuriabravaseaexplorer.com\/fr\/wp-json\/wp\/v2\/pages\/1502\/revisions\/4014"}],"wp:attachment":[{"href":"https:\/\/empuriabravaseaexplorer.com\/fr\/wp-json\/wp\/v2\/media?parent=1502"}],"curies":[{"name":"wp","href":"https:\/\/api.w.org\/{rel}","templated":true}]}}